{"id":6629,"date":"2024-02-15T15:11:45","date_gmt":"2024-02-15T12:11:45","guid":{"rendered":"https:\/\/www.fsforeigntrade.com\/fr\/?page_id=6629"},"modified":"2024-02-15T15:15:14","modified_gmt":"2024-02-15T12:15:14","slug":"news","status":"publish","type":"page","link":"https:\/\/www.fsforeigntrade.com\/fr\/news\/","title":{"rendered":"News"},"content":{"rendered":"[vc_row full_width=\"stretch_row\"][vc_column width=\"1\/2\"][vc_empty_space][vc_custom_heading source=\"post_title\" use_theme_fonts=\"yes\" css_animation=\"fadeInUp\" el_class=\"news\"][vc_column_text]\n<div class=\"flex-1 overflow-hidden\">\n<div class=\"react-scroll-to-bottom--css-fojty-79elbk h-full\">\n<div class=\"react-scroll-to-bottom--css-fojty-1n7m0yu\">\n<div class=\"flex flex-col pb-9 text-sm\">\n<div class=\"w-full text-token-text-primary\" data-testid=\"conversation-turn-3\">\n<div class=\"px-4 py-2 justify-center text-base md:gap-6 m-auto\">\n<div class=\"flex flex-1 text-base mx-auto gap-3 md:px-5 lg:px-1 xl:px-5 md:max-w-3xl lg:max-w-[40rem] xl:max-w-[48rem] group final-completion\">\n<div class=\"relative flex w-full flex-col lg:w-[calc(100%-115px)] agent-turn\">\n<div class=\"flex-col gap-1 md:gap-3\">\n<div class=\"flex flex-grow flex-col max-w-full\">\n<div class=\"min-h-[20px] text-message flex flex-col items-start gap-3 whitespace-pre-wrap break-words [.text-message+&amp;]:mt-5 overflow-x-auto\" data-message-author-role=\"assistant\" data-message-id=\"62929248-9af9-4109-af8e-24b6d06cd45a\">\n<div class=\"markdown prose w-full break-words dark:prose-invert dark\">\n<p>En tant que FS Foreign Trade Inc., nous avons compil\u00e9 des articles de presse concernant notre entreprise pour nos pr\u00e9cieux abonn\u00e9s et parties int\u00e9ress\u00e9es via cette plateforme. \u00c0 travers ce m\u00e9dium, vous pouvez facilement acc\u00e9der aux nouvelles concernant les d\u00e9veloppements, r\u00e9alisations et activit\u00e9s de notre entreprise dans l'industrie.<\/p>\n<p>Notre objectif, en tant que FS Foreign Trade Inc., est de partager avec vous les innovations et succ\u00e8s dans l'industrie, cr\u00e9ant ainsi un pont de communication transparent et \u00e0 jour. En consultant les articles de presse \u00e0 notre sujet ici, vous pouvez acc\u00e9der aux informations les plus actuelles sur notre entreprise et\u00a0nos\u00a0activit\u00e9s.<\/p>\n<\/div>\n<\/div>\n<\/div>\n<\/div>\n<\/div>\n<\/div>\n<\/div>\n<\/div>\n<\/div>\n<\/div>\n<\/div>\n<\/div>\n[\/vc_column_text][\/vc_column][vc_column width=\"1\/2\"][vc_empty_space][vc_single_image source=\"external_link\" external_img_size=\"1200x630\" custom_src=\"https:\/\/www.fsforeigntrade.com\/wp-content\/uploads\/2024\/02\/Ekran-Resmi-2024-02-12-16.35.17-1200x630.png\"][\/vc_column][\/vc_row][vc_row][vc_column][vc_text_separator title=\"News\" color=\"turquoise\" border_width=\"4\"][\/vc_column][\/vc_row][vc_row content_placement=\"middle\" css_animation=\"fadeInUp\"][vc_column css_animation=\"fadeInLeft\" width=\"1\/2\"][vc_single_image source=\"external_link\" external_img_size=\"1200x630\" alignment=\"center\" css_animation=\"fadeInUp\" custom_src=\"https:\/\/www.fsforeigntrade.com\/wp-content\/uploads\/2024\/02\/fs-tobb-100-1200x640.jpg\"][\/vc_column][vc_column width=\"1\/2\"][vc_custom_heading text=\"Nous sommes sur la liste TOBB 100 - 2023 !\" font_container=\"tag:h2|text_align:justify|color:%232ec3d5\" use_theme_fonts=\"yes\" css_animation=\"fadeInLeft\" el_class=\"news\"][vc_column_text]\n<p style=\"text-align: left;\">FS Foreign Trade Inc. a franchi une \u00e9tape importante en se classant 18\u00e8me dans la liste des 100 entreprises turques \u00e0 la croissance la plus rapide, organis\u00e9e en collaboration avec l'Union des chambres et bourses de marchandises de Turquie (TOBB), la Fondation de recherche sur les politiques \u00e9conomiques de Turquie (TEPAV). ), et l'Universit\u00e9 d'\u00e9conomie et de technologie TOBB (ETU). Cette reconnaissance souligne la contribution de l'entreprise \u00e0 l'\u00e9conomie turque \u00e0 travers des performances exceptionnelles au cours des deux derni\u00e8res ann\u00e9es et renforce sa position de leader dans son secteur. FS Foreign Trade Inc. est fier de partager ce succ\u00e8s avec ses clients, partenaires et employ\u00e9s, le consid\u00e9rant comme un t\u00e9moignage de son engagement envers l'innovation et la croissance durable. Pour plus d'informations, veuillez visiter le site Web officiel\u00a0de\u00a0TOBB.<\/p>\n[\/vc_column_text][\/vc_column][\/vc_row][vc_row content_placement=\"middle\" css_animation=\"fadeInUp\"][vc_column css_animation=\"fadeInLeft\" width=\"1\/2\"][vc_single_image source=\"external_link\" external_img_size=\"1200x630\" alignment=\"center\" css_animation=\"fadeInUp\" custom_src=\"https:\/\/www.fsforeigntrade.com\/wp-content\/uploads\/2024\/02\/thumbs_b_c_362260d2130df0a23f48d038c8338a1b.jpg\"][\/vc_column][vc_column width=\"1\/2\"][vc_custom_heading text=\"Nous sommes sur la liste TOBB 100 - 2020 !\" font_container=\"tag:h2|text_align:left|color:%232ec3d5\" use_theme_fonts=\"yes\" css_animation=\"fadeInLeft\" el_class=\"news\"][vc_column_text]\n<p style=\"text-align: left;\">FS Foreign Trade Inc. a r\u00e9alis\u00e9 un exploit remarquable en obtenant la deuxi\u00e8me place sur la liste du TOBB des entreprises ayant la croissance la plus rapide du chiffre d'affaires en Turquie entre 2016 et 2018. Cette r\u00e9alisation refl\u00e8te le taux de croissance exceptionnel de 2,723% de l'entreprise au cours de cette p\u00e9riode, mettant en valeur sa contribution significative au secteur du plastique et du caoutchouc. La liste, annonc\u00e9e par TOBB en collaboration avec TEPAV et l'Universit\u00e9 d'\u00e9conomie et de technologie (ETU) de TOBB, met en \u00e9vidence le r\u00f4le central de FS Foreign Trade Inc. dans la conduite du progr\u00e8s \u00e9conomique et de l'innovation. Ce succ\u00e8s souligne non seulement la strat\u00e9gie de croissance dynamique de l'entreprise, mais \u00e9galement son engagement envers l'excellence et la durabilit\u00e9 de ses op\u00e9rations. Pour des informations plus d\u00e9taill\u00e9es, veuillez consulter l'article original sur le site Web de ''Anadolu\u00a0Agency''<\/p>\n[\/vc_column_text][\/vc_column][\/vc_row]\n","protected":false},"excerpt":{"rendered":"<p>[vc_row full_width=&#8221;stretch_row&#8221;][vc_column width=&#8221;1\/2&#8243;][vc_empty_space][vc_custom_heading source=&#8221;post_title&#8221; use_theme_fonts=&#8221;yes&#8221; css_animation=&#8221;fadeInUp&#8221; el_class=&#8221;news&#8221;][vc_column_text]<\/p>\n<p>En tant que FS Foreign Trade Inc., nous avons compil\u00e9 des articles de presse concernant notre entreprise pour nos pr\u00e9cieux abonn\u00e9s et parties int\u00e9ress\u00e9es via cette plateforme. \u00c0 travers ce m\u00e9dium, vous pouvez facilement acc\u00e9der aux nouvelles concernant les d\u00e9veloppements, r\u00e9alisations et activit\u00e9s de notre entreprise dans l&#8217;industrie.<\/p>\n<p>Notre objectif, en tant que FS Foreign Trade Inc., est de partager avec vous les innovations et succ\u00e8s dans l&#8217;industrie, cr\u00e9ant ainsi un pont de communication transparent et \u00e0 jour. En consultant les articles de presse \u00e0<\/p>\n","protected":false},"author":1,"featured_media":0,"parent":0,"menu_order":0,"comment_status":"closed","ping_status":"closed","template":"page-fullwidth.php","meta":{"footnotes":""},"class_list":["post-6629","page","type-page","status-publish","hentry"],"_links":{"self":[{"href":"https:\/\/www.fsforeigntrade.com\/fr\/wp-json\/wp\/v2\/pages\/6629","targetHints":{"allow":["GET"]}}],"collection":[{"href":"https:\/\/www.fsforeigntrade.com\/fr\/wp-json\/wp\/v2\/pages"}],"about":[{"href":"https:\/\/www.fsforeigntrade.com\/fr\/wp-json\/wp\/v2\/types\/page"}],"author":[{"embeddable":true,"href":"https:\/\/www.fsforeigntrade.com\/fr\/wp-json\/wp\/v2\/users\/1"}],"replies":[{"embeddable":true,"href":"https:\/\/www.fsforeigntrade.com\/fr\/wp-json\/wp\/v2\/comments?post=6629"}],"version-history":[{"count":3,"href":"https:\/\/www.fsforeigntrade.com\/fr\/wp-json\/wp\/v2\/pages\/6629\/revisions"}],"predecessor-version":[{"id":6633,"href":"https:\/\/www.fsforeigntrade.com\/fr\/wp-json\/wp\/v2\/pages\/6629\/revisions\/6633"}],"wp:attachment":[{"href":"https:\/\/www.fsforeigntrade.com\/fr\/wp-json\/wp\/v2\/media?parent=6629"}],"curies":[{"name":"wp","href":"https:\/\/api.w.org\/{rel}","templated":true}]}}