{"id":85,"date":"2013-01-07T10:51:17","date_gmt":"2013-01-07T07:51:17","guid":{"rendered":"http:\/\/artstudioworks.net\/wordpress\/energy\/?page_id=85"},"modified":"2021-07-12T13:40:37","modified_gmt":"2021-07-12T10:40:37","slug":"a-propos-de-nous","status":"publish","type":"page","link":"https:\/\/www.fsforeigntrade.com\/fr\/a-propos-de-nous\/","title":{"rendered":"\u00c0 Propos de Nous"},"content":{"rendered":"[vc_row css=\".vc_custom_1403683187490{padding-top: 50px !important;padding-bottom: 60px !important;}\"][vc_column width=\"1\/2\"][vc_single_image image=\"5346\" img_size=\"700x600\" alignment=\"center\"][\/vc_column][vc_column width=\"1\/2\"]<div class=\"separator_block left\" style=\"margin-bottom:30px;\"><h3>Bienvenue dans notre soci\u00e9t\u00e9<\/h3><div class=\"separator short\"><div class=\"separator_line\"><\/div><\/div><div class=\"clearfix\"><\/div><\/div>[vc_column_text css=\".vc_custom_1614681584661{margin-bottom: 40px !important;}\"]<a href=\"https:\/\/www.fsforeigntrade.com\/fr\/about-us\/\">Commerce Ext\u00e9rieur FS<\/a> \u00e9tait principalement un distributeur de produits chimiques de sp\u00e9cialit\u00e9, de mat\u00e9riaux de construction, de textiles et de produits alimentaires. Gr\u00e2ce \u00e0 une vaste gamme de produits et \u00e0 un r\u00e9seau de distribution efficace, FS Foreign Trade atteint d\u00e9sormais de nombreux endroits, principalement en Europe, en Asie centrale, au Moyen-Orient et en Afrique du Nord. Avec un vaste r\u00e9seau de bureaux et d'entrep\u00f4ts, Commerce Ext\u00e9rieur FS poss\u00e8de les connaissances locales n\u00e9cessaires et un r\u00e9seau mondial cl\u00e9 pour r\u00e9pondre \u00e0 toutes vos exigences commerciales.<\/p>\n<p>Commerce Ext\u00e9rieur FS fournit une gamme compl\u00e8te d'additifs pour de nombreuses industries qui sont n\u00e9cessaires pendant la fabrication. Nous nous effor\u00e7ons de r\u00e9pondre aux besoins de nos clients et nous nous effor\u00e7ons de conclure des accords clairs sur une base juste et honn\u00eate.<\/p>\n<p><a href=\"https:\/\/www.fsforeigntrade.com\/fr\/about-us\/\">STRAT\u00c9GIE:<\/a> Maintenir la position de pionnier sur le march\u00e9 turc et notre r\u00f4le pro-actif sur les march\u00e9s internationaux;<br \/>\nPour am\u00e9liorer la satisfaction de nos clients,<br \/>\nPour faire plus efficacement ce que nous faisons maintenant,<br \/>\nDiversifier nos partenaires commerciaux pour proposer \u00e0 nos clients des produits alternatifs,<br \/>\nInstaurer une croissance saine et durable pour renforcer notre fonds de roulement,<br \/>\nNotre objectif est de devenir votre partenaire pour obtenir ce que vous voulez plut\u00f4t que de vendre ce que nous avons[\/vc_column_text][\/vc_column][\/vc_row][vc_row][vc_column][vc_column_text]<span class=\"VIiyi\" lang=\"fr\"><span class=\"JLqJ4b\" data-language-for-alternatives=\"fr\" data-language-to-translate-into=\"en\" data-phrase-index=\"0\"><a href=\"https:\/\/www.fsforeigntrade.com\/fr\/about-us\/\">Commerce Ext\u00e9rieur FS<\/a> \u00e9tait principalement un distributeur de produits chimiques de sp\u00e9cialit\u00e9, de mat\u00e9riaux de construction, de textiles et de produits alimentaires. Gr\u00e2ce \u00e0 une vaste gamme de produits et \u00e0 un r\u00e9seau de distribution efficace, Commerce Ext\u00e9rieur FS atteint d\u00e9sormais de nombreux endroits, principalement en Europe, en Asie centrale, au Moyen-Orient et en Afrique du Nord. Avec un vaste r\u00e9seau de bureaux et d'entrep\u00f4ts, Commerce Ext\u00e9rieur FS poss\u00e8de les connaissances locales n\u00e9cessaires et un r\u00e9seau mondial cl\u00e9 pour r\u00e9pondre \u00e0 toutes vos exigences commerciales.<\/span><\/span><\/p>\n<p><span class=\"VIiyi\" lang=\"fr\"><span class=\"JLqJ4b\" data-language-for-alternatives=\"fr\" data-language-to-translate-into=\"en\" data-phrase-index=\"0\"><a href=\"https:\/\/www.fsforeigntrade.com\/fr\/about-us\/\">IMPORTATIONS<\/a>: Commerce Ext\u00e9rieur FS importe et stocke des produits de producteurs situ\u00e9s dans les diff\u00e9rentes parties du monde. Les produits liquides et solides sont import\u00e9s emball\u00e9s et non emball\u00e9s. En plus de ses produits r\u00e9guli\u00e8rement import\u00e9s, Commerce Ext\u00e9rieur FS importe \u00e9galement des produits sp\u00e9cifiques \u00e0 la demande des clients. <\/span><\/span><\/p>\n<p><span class=\"VIiyi\" lang=\"fr\"><span class=\"JLqJ4b\" data-language-for-alternatives=\"fr\" data-language-to-translate-into=\"en\" data-phrase-index=\"0\"><a href=\"https:\/\/www.fsforeigntrade.com\/fr\/about-us\/\">EXPORTATION:<\/a> Le commerce ext\u00e9rieur a d'abord export\u00e9 des produits chimiques vers les pays voisins. En plus d'exporter les produits fabriqu\u00e9s en Turquie, Commerce Ext\u00e9rieur FS participe \u00e9galement activement au commerce de transit. <\/span><\/span><\/p>\n<p><span class=\"VIiyi\" lang=\"fr\"><span class=\"JLqJ4b\" data-language-for-alternatives=\"fr\" data-language-to-translate-into=\"en\" data-phrase-index=\"0\"><a href=\"https:\/\/www.fsforeigntrade.com\/fr\/about-us\/\">STOCKAGE:<\/a> Commerce Ext\u00e9rieur FS est en mesure de stocker des produits en vrac et emball\u00e9s selon la cat\u00e9gorie du produit. L'entreprise utilise \u00e9galement des installations lou\u00e9es situ\u00e9es dans la zone industrielle et les ports du pays pour r\u00e9pondre aux demandes soudaines des clients. Les livraisons des produits aux clients sont planifi\u00e9es et compl\u00e9t\u00e9es par la coordination des services commerciaux et logistiques. <\/span><\/span><\/p>\n<p><span class=\"VIiyi\" lang=\"fr\"><span class=\"JLqJ4b\" data-language-for-alternatives=\"fr\" data-language-to-translate-into=\"en\" data-phrase-index=\"0\"><a href=\"https:\/\/www.fsforeigntrade.com\/fr\/about-us\/\">LIVRAISONS:<\/a> Commerce Ext\u00e9rieur FS cr\u00e9e des solutions de cha\u00eene d'approvisionnement par voie maritime, routi\u00e8re, ferroviaire et a\u00e9rienne selon les besoins des clients et vise toujours des livraisons rapides avec les normes de qualit\u00e9 les plus \u00e9lev\u00e9es.<\/span><\/span>[\/vc_column_text][\/vc_column][\/vc_row][vc_row css=\".vc_custom_1403684305433{border-top-width: 1px !important;border-bottom-width: 1px !important;padding-top: 60px !important;padding-bottom: 60px !important;border-color: #d9dddf !important;}\"][vc_column]<div class=\"separator_block center\" style=\"margin-bottom:30px;\"><h3>NOS COMP\u00c9TENCES ET CAPACIT\u00c9S<\/h3><div class=\"separator short\"><div class=\"separator_line\"><\/div><\/div><div class=\"clearfix\"><\/div><\/div>[vc_column_text css=\".vc_custom_1614682924593{margin-bottom: 40px !important;}\"]\n<p style=\"text-align: center;\"><span class=\"VIiyi\" lang=\"fr\"><span class=\"JLqJ4b ChMk0b\" data-language-for-alternatives=\"fr\" data-language-to-translate-into=\"en\" data-phrase-index=\"0\">En savoir plus sur nos capacit\u00e9s et nos comp\u00e9tences.<\/span> <span class=\"JLqJ4b ChMk0b\" data-language-for-alternatives=\"fr\" data-language-to-translate-into=\"en\" data-phrase-index=\"1\">Nous travaillons pour vous.<\/span><\/span><\/p>\n[\/vc_column_text][vc_row_inner][vc_column_inner width=\"1\/4\"]<script type='text\/javascript'>\n      jQuery(document).ready(function() {\n        var opts = {\n          lines: 12, \/\/ The number of lines to draw\n          angle: 0.5, \/\/ The length of each line\n          lineWidth: 0.05, \/\/ The line thickness\n          colorStart: '#43b4f9',   \/\/ Colors\n          colorStop: '#43b4f9',    \/\/ just experiment with them\n          strokeColor: '#ededed',   \/\/ to see which ones work best for you\n          shadowColor: '#ededed',\n          generateGradient: false\n        };\n        var circle_1 = new Donut(document.getElementById('counter-circle-1')).setOptions(opts);\n        circle_1.maxValue = 100; \/\/ set max gauge value\n        circle_1.animationSpeed = 70; \/\/ set animation speed (32 is default value)\n        circle_1.set(95); \/\/ set actual value\n      });\n      <\/script><div class=\"counter-circle-wrapper\"><canvas width=\"220\" height=\"220\" class=\"counter-circle\" id=\"counter-circle-1\"><\/canvas><div class=\"counter-circle-content\"  style=\"width:220px; height:220px; line-height:220px; margin-left:-110px;\">OP\u00c9RATION<\/div><\/div>[\/vc_column_inner][vc_column_inner width=\"1\/4\"]<script type='text\/javascript'>\n      jQuery(document).ready(function() {\n        var opts = {\n          lines: 12, \/\/ The number of lines to draw\n          angle: 0.5, \/\/ The length of each line\n          lineWidth: 0.05, \/\/ The line thickness\n          colorStart: '#43b4f9',   \/\/ Colors\n          colorStop: '#43b4f9',    \/\/ just experiment with them\n          strokeColor: '#ededed',   \/\/ to see which ones work best for you\n          shadowColor: '#ededed',\n          generateGradient: false\n        };\n        var circle_2 = new Donut(document.getElementById('counter-circle-2')).setOptions(opts);\n        circle_2.maxValue = 100; \/\/ set max gauge value\n        circle_2.animationSpeed = 70; \/\/ set animation speed (32 is default value)\n        circle_2.set(87); \/\/ set actual value\n      });\n      <\/script><div class=\"counter-circle-wrapper\"><canvas width=\"220\" height=\"220\" class=\"counter-circle\" id=\"counter-circle-2\"><\/canvas><div class=\"counter-circle-content\"  style=\"width:220px; height:220px; line-height:220px; margin-left:-110px;\">D\u00e9veloppement<\/div><\/div>[\/vc_column_inner][vc_column_inner width=\"1\/4\"]<script type='text\/javascript'>\n      jQuery(document).ready(function() {\n        var opts = {\n          lines: 12, \/\/ The number of lines to draw\n          angle: 0.5, \/\/ The length of each line\n          lineWidth: 0.05, \/\/ The line thickness\n          colorStart: '#43b4f9',   \/\/ Colors\n          colorStop: '#43b4f9',    \/\/ just experiment with them\n          strokeColor: '#ededed',   \/\/ to see which ones work best for you\n          shadowColor: '#ededed',\n          generateGradient: false\n        };\n        var circle_3 = new Donut(document.getElementById('counter-circle-3')).setOptions(opts);\n        circle_3.maxValue = 100; \/\/ set max gauge value\n        circle_3.animationSpeed = 70; \/\/ set animation speed (32 is default value)\n        circle_3.set(80); \/\/ set actual value\n      });\n      <\/script><div class=\"counter-circle-wrapper\"><canvas width=\"220\" height=\"220\" class=\"counter-circle\" id=\"counter-circle-3\"><\/canvas><div class=\"counter-circle-content\"  style=\"width:220px; height:220px; line-height:220px; margin-left:-110px;\">VENTES<\/div><\/div>[\/vc_column_inner][vc_column_inner width=\"1\/4\"]<script type='text\/javascript'>\n      jQuery(document).ready(function() {\n        var opts = {\n          lines: 12, \/\/ The number of lines to draw\n          angle: 0.5, \/\/ The length of each line\n          lineWidth: 0.05, \/\/ The line thickness\n          colorStart: '#43b4f9',   \/\/ Colors\n          colorStop: '#43b4f9',    \/\/ just experiment with them\n          strokeColor: '#ededed',   \/\/ to see which ones work best for you\n          shadowColor: '#ededed',\n          generateGradient: false\n        };\n        var circle_4 = new Donut(document.getElementById('counter-circle-4')).setOptions(opts);\n        circle_4.maxValue = 100; \/\/ set max gauge value\n        circle_4.animationSpeed = 70; \/\/ set animation speed (32 is default value)\n        circle_4.set(75); \/\/ set actual value\n      });\n      <\/script><div class=\"counter-circle-wrapper\"><canvas width=\"220\" height=\"220\" class=\"counter-circle\" id=\"counter-circle-4\"><\/canvas><div class=\"counter-circle-content\"  style=\"width:220px; height:220px; line-height:220px; margin-left:-110px;\">RECHERCHER<\/div><\/div>[\/vc_column_inner][\/vc_row_inner][\/vc_column][\/vc_row][vc_row][vc_column][vc_video link=\"https:\/\/youtu.be\/8oWlltNYux8\" align=\"center\" css_animation=\"fadeIn\" title=\"FS Foreign Trade\"][\/vc_column][\/vc_row][vc_row css=\".vc_custom_1403684305433{border-top-width: 1px !important;border-bottom-width: 1px !important;padding-top: 60px !important;padding-bottom: 60px !important;border-color: #d9dddf !important;}\"][vc_column]<div class=\"separator_block center\" style=\"margin-bottom:30px;\"><h3>COMMENT TRAVAILLER<\/h3><div class=\"separator short\"><div class=\"separator_line\"><\/div><\/div><div class=\"clearfix\"><\/div><\/div>[vc_column_text css=\".vc_custom_1614681884668{margin-bottom: 40px !important;}\"]\n<p style=\"text-align: center;\"><span class=\"VIiyi\" lang=\"fr\"><span class=\"JLqJ4b ChMk0b\" data-language-for-alternatives=\"fr\" data-language-to-translate-into=\"en\" data-phrase-index=\"0\">Un partenariat \u00e0 long terme pratique et efficace est notre priorit\u00e9!<\/span> <span class=\"JLqJ4b ChMk0b\" data-language-for-alternatives=\"fr\" data-language-to-translate-into=\"en\" data-phrase-index=\"2\">Notre \u00e9quipe - c'est ce qui nous diff\u00e9rencie!<\/span> <span class=\"JLqJ4b ChMk0b\" data-language-for-alternatives=\"fr\" data-language-to-translate-into=\"en\" data-phrase-index=\"3\">La force de l'\u00e9quipe r\u00e9side dans chaque membre.<\/span> <span class=\"JLqJ4b ChMk0b\" data-language-for-alternatives=\"fr\" data-language-to-translate-into=\"en\" data-phrase-index=\"4\">La force de chaque membre est l'\u00e9quip.<\/span><\/span><\/p>\n[\/vc_column_text][\/vc_column][\/vc_row]\n","protected":false},"excerpt":{"rendered":"<p>[vc_row css=&#8221;.vc_custom_1403683187490{padding-top: 50px !important;padding-bottom: 60px !important;}&#8221;][vc_column width=&#8221;1\/2&#8243;][vc_single_image image=&#8221;5346&#8243; img_size=&#8221;700&#215;600&#8243; alignment=&#8221;center&#8221;][\/vc_column][vc_column width=&#8221;1\/2&#8243;][vc_column_text css=&#8221;.vc_custom_1614681584661{margin-bottom: 40px !important;}&#8221;]Commerce Ext\u00e9rieur FS \u00e9tait principalement un distributeur de produits chimiques de sp\u00e9cialit\u00e9, de mat\u00e9riaux de construction, de textiles et de produits alimentaires. Gr\u00e2ce \u00e0 une vaste gamme de produits et \u00e0 un r\u00e9seau de distribution efficace, FS Foreign Trade atteint d\u00e9sormais de nombreux endroits, principalement en Europe, en Asie centrale, au Moyen-Orient et en Afrique du Nord. Avec un vaste r\u00e9seau de bureaux et d&#8217;entrep\u00f4ts, Commerce Ext\u00e9rieur FS poss\u00e8de les connaissances locales n\u00e9cessaires et un r\u00e9seau mondial<\/p>\n","protected":false},"author":1,"featured_media":0,"parent":0,"menu_order":1,"comment_status":"closed","ping_status":"closed","template":"page-fullwidth.php","meta":{"footnotes":""},"class_list":["post-85","page","type-page","status-publish","hentry","page_keywords-a-propos-de-nous","page_keywords-fs-foreign-trade-about-us","page_keywords-fsforeigntrade-about-us"],"_links":{"self":[{"href":"https:\/\/www.fsforeigntrade.com\/fr\/wp-json\/wp\/v2\/pages\/85","targetHints":{"allow":["GET"]}}],"collection":[{"href":"https:\/\/www.fsforeigntrade.com\/fr\/wp-json\/wp\/v2\/pages"}],"about":[{"href":"https:\/\/www.fsforeigntrade.com\/fr\/wp-json\/wp\/v2\/types\/page"}],"author":[{"embeddable":true,"href":"https:\/\/www.fsforeigntrade.com\/fr\/wp-json\/wp\/v2\/users\/1"}],"replies":[{"embeddable":true,"href":"https:\/\/www.fsforeigntrade.com\/fr\/wp-json\/wp\/v2\/comments?post=85"}],"version-history":[{"count":23,"href":"https:\/\/www.fsforeigntrade.com\/fr\/wp-json\/wp\/v2\/pages\/85\/revisions"}],"predecessor-version":[{"id":6601,"href":"https:\/\/www.fsforeigntrade.com\/fr\/wp-json\/wp\/v2\/pages\/85\/revisions\/6601"}],"wp:attachment":[{"href":"https:\/\/www.fsforeigntrade.com\/fr\/wp-json\/wp\/v2\/media?parent=85"}],"curies":[{"name":"wp","href":"https:\/\/api.w.org\/{rel}","templated":true}]}}