{"id":23,"date":"2013-01-06T12:46:48","date_gmt":"2013-01-06T09:46:48","guid":{"rendered":"http:\/\/artstudioworks.net\/wordpress\/energy\/?page_id=23"},"modified":"2025-07-19T14:17:42","modified_gmt":"2025-07-19T11:17:42","slug":"iletisim","status":"publish","type":"page","link":"https:\/\/www.fsforeigntrade.com\/tr\/iletisim\/","title":{"rendered":"\u0130letisim"},"content":{"rendered":"[vc_row][vc_column][vc_raw_html]JTNDaWZyYW1lJTIwc3JjJTNEJTIyaHR0cHMlM0ElMkYlMkZ3d3cuZ29vZ2xlLmNvbSUyRm1hcHMlMkZlbWJlZCUzRnBiJTNEJTIxMW0xOCUyMTFtMTIlMjExbTMlMjExZDEyMDQwLjI0NDExOTE1NTA0OCUyMTJkMjkuMTMyODM4Mjk5NDc4NjQlMjEzZDQxLjAyMzkyMDcyMDAxNjQ4NCUyMTJtMyUyMTFmMCUyMTJmMCUyMTNmMCUyMTNtMiUyMTFpMTAyNCUyMTJpNzY4JTIxNGYxMy4xJTIxM20zJTIxMW0yJTIxMXMweDE0Y2FjNjI4OTJmMjMwNjUlMjUzQTB4YmFkNWI0OWJkMzVjZmEzMCUyMTJ6UmxNZ1JNU3h4WjhnVkdsallYSmxkQ0JNZEdRdXhaNTBhUzQlMjE1ZTAlMjEzbTIlMjExc3RyJTIxMnN0ciUyMTR2MTYxMzY1MDYzMzIwMiUyMTVtMiUyMTFzdHIlMjEyc3RyJTIyJTIwd2lkdGglM0QlMjIxMjAwJTIyJTIwaGVpZ2h0JTNEJTIyNDUwJTIyJTIwZnJhbWVib3JkZXIlM0QlMjIwJTIyJTIwc3R5bGUlM0QlMjJib3JkZXIlM0EwJTNCJTIyJTIwYWxsb3dmdWxsc2NyZWVuJTNEJTIyJTIyJTIwYXJpYS1oaWRkZW4lM0QlMjJmYWxzZSUyMiUyMHRhYmluZGV4JTNEJTIyMCUyMiUzRSUzQyUyRmlmcmFtZSUzRQ==[\/vc_raw_html][\/vc_column][\/vc_row][vc_row][vc_column width=\"2\/3\"]<div class=\"separator_block left\" style=\"margin-bottom:25px;\"><h3>\u0130LET\u0130\u015e\u0130M FORMU<\/h3><div class=\"separator short\"><div class=\"separator_line\"><\/div><\/div><div class=\"clearfix\"><\/div><\/div>[vc_column_text][\/vc_column_text]\n<div class=\"wpcf7 no-js\" id=\"wpcf7-f5190-o1\" lang=\"en-US\" dir=\"ltr\" data-wpcf7-id=\"5190\">\n<div class=\"screen-reader-response\"><p role=\"status\" aria-live=\"polite\" aria-atomic=\"true\"><\/p> <ul><\/ul><\/div>\n<form action=\"\/tr\/wp-json\/wp\/v2\/pages\/23#wpcf7-f5190-o1\" method=\"post\" class=\"wpcf7-form init\" aria-label=\"Contact form\" novalidate=\"novalidate\" data-status=\"init\">\n<fieldset class=\"hidden-fields-container\"><input type=\"hidden\" name=\"_wpcf7\" value=\"5190\" \/><input type=\"hidden\" name=\"_wpcf7_version\" value=\"6.1.5\" \/><input type=\"hidden\" name=\"_wpcf7_locale\" value=\"en_US\" \/><input type=\"hidden\" name=\"_wpcf7_unit_tag\" value=\"wpcf7-f5190-o1\" \/><input type=\"hidden\" name=\"_wpcf7_container_post\" value=\"0\" \/><input type=\"hidden\" name=\"_wpcf7_posted_data_hash\" value=\"\" \/><input type=\"hidden\" name=\"_wpcf7_recaptcha_response\" value=\"\" \/>\n<\/fieldset>\n<p>Ad\u0131n\u0131z Soyad\u0131n\u0131z (gerekli)\n<\/p>\n<p><span class=\"wpcf7-form-control-wrap\" data-name=\"your-name\"><input size=\"40\" maxlength=\"400\" class=\"wpcf7-form-control wpcf7-text wpcf7-validates-as-required\" aria-required=\"true\" aria-invalid=\"false\" value=\"\" type=\"text\" name=\"your-name\" \/><\/span>\n<\/p>\n<p>e-posta adresiniz (gerekli)\n<\/p>\n<p><span class=\"wpcf7-form-control-wrap\" data-name=\"your-email\"><input size=\"40\" maxlength=\"400\" class=\"wpcf7-form-control wpcf7-email wpcf7-validates-as-required wpcf7-text wpcf7-validates-as-email\" aria-required=\"true\" aria-invalid=\"false\" value=\"\" type=\"email\" name=\"your-email\" \/><\/span>\n<\/p>\n<p>Konu\n<\/p>\n<p><span class=\"wpcf7-form-control-wrap\" data-name=\"your-subject\"><input size=\"40\" maxlength=\"400\" class=\"wpcf7-form-control wpcf7-text\" aria-invalid=\"false\" value=\"\" type=\"text\" name=\"your-subject\" \/><\/span>\n<\/p>\n<p>Mesaj i\u00e7eri\u011finiz\n<\/p>\n<p><span class=\"wpcf7-form-control-wrap\" data-name=\"your-message\"><textarea cols=\"40\" rows=\"10\" maxlength=\"2000\" class=\"wpcf7-form-control wpcf7-textarea\" aria-invalid=\"false\" name=\"your-message\"><\/textarea><\/span>\n<\/p>\n<p><input class=\"wpcf7-form-control wpcf7-submit has-spinner\" type=\"submit\" value=\"G\u00f6nder\" \/>\n<\/p>\n<span class=\"wpcf7-form-control-wrap recaptcha\" data-name=\"recaptcha\"><span data-sitekey=\"6LdfMWYaAAAAAJl4ikzNEptbX306thgRiD242G3m\" class=\"wpcf7-form-control wpcf7-recaptcha g-recaptcha\"><\/span>\r\n<noscript>\r\n\t<div class=\"grecaptcha-noscript\">\r\n\t\t<iframe loading=\"lazy\" src=\"https:\/\/www.google.com\/recaptcha\/api\/fallback?k=6LdfMWYaAAAAAJl4ikzNEptbX306thgRiD242G3m\" frameborder=\"0\" scrolling=\"no\" width=\"310\" height=\"430\">\r\n\t\t<\/iframe>\r\n\t\t<textarea name=\"g-recaptcha-response\" rows=\"3\" cols=\"40\" placeholder=\"reCaptcha Response Here\">\r\n\t\t<\/textarea>\r\n\t<\/div>\r\n<\/noscript>\r\n<\/span><div class=\"wpcf7-response-output\" aria-hidden=\"true\"><\/div>\n<\/form>\n<\/div>\n[\/vc_column][vc_column width=\"1\/3\"]<div class=\"separator_block left\" style=\"margin-bottom:25px;\"><h3>OF\u0130SLER\u0130M\u0130Z<\/h3><div class=\"separator short\"><div class=\"separator_line\"><\/div><\/div><div class=\"clearfix\"><\/div><\/div>[vc_column_text]\n<div class=\"wpb_text_column wpb_content_element \">\n<div class=\"wpb_wrapper\">\n<div class=\"wpb_text_column wpb_content_element \">\n<div class=\"wpb_wrapper\">\n<h6>FS FOREIGN TRADE<br \/>\n\u0130stanbul ofis<\/h6>\n<p><span class=\"address\">Fatih Sultan Mehmet Mah. Poligon Cad. Buyaka Kule-3 No:8C Kat 8 \/ 54 \u00dcmraniye \/ \u0130stanbul - TURKEY<\/span><\/p>\n<p><span class=\"address\">Google Map Link:<br \/>\n<a href=\"https:\/\/goo.gl\/maps\/nYeQeKEmbeCh4RaC6\" target=\"_blank\" rel=\"noopener\">https:\/\/goo.gl\/maps\/nYeQeKEmbeCh4RaC6<\/a><\/span><\/p>\n<p><span class=\"fax\"><strong>Phone:<\/strong>\u00a0+ 90 216 504 31 55<br \/>\n<\/span><span class=\"fax\"><strong>Fax:<\/strong> + 90 216 504 31 56<br \/>\n<\/span><span class=\"email\"><strong>E-Mail:<\/strong>\u00a0<a href=\"mailto:info@fsforeigntrade.com\">info@fsforeigntrade.com<\/a><br \/>\n<\/span><span class=\"web\"><strong>Web:<\/strong>\u00a0<a href=\"https:\/\/www.fsforeigntrade.com\/\">www.fsforeigntrade.com<\/a><\/span><\/p>\n<\/div>\n<\/div>\n<\/div>\n<\/div>\n[\/vc_column_text][\/vc_column][\/vc_row]\n","protected":false},"excerpt":{"rendered":"<p>[vc_row][vc_column][vc_raw_html]JTNDaWZyYW1lJTIwc3JjJTNEJTIyaHR0cHMlM0ElMkYlMkZ3d3cuZ29vZ2xlLmNvbSUyRm1hcHMlMkZlbWJlZCUzRnBiJTNEJTIxMW0xOCUyMTFtMTIlMjExbTMlMjExZDEyMDQwLjI0NDExOTE1NTA0OCUyMTJkMjkuMTMyODM4Mjk5NDc4NjQlMjEzZDQxLjAyMzkyMDcyMDAxNjQ4NCUyMTJtMyUyMTFmMCUyMTJmMCUyMTNmMCUyMTNtMiUyMTFpMTAyNCUyMTJpNzY4JTIxNGYxMy4xJTIxM20zJTIxMW0yJTIxMXMweDE0Y2FjNjI4OTJmMjMwNjUlMjUzQTB4YmFkNWI0OWJkMzVjZmEzMCUyMTJ6UmxNZ1JNU3h4WjhnVkdsallYSmxkQ0JNZEdRdXhaNTBhUzQlMjE1ZTAlMjEzbTIlMjExc3RyJTIxMnN0ciUyMTR2MTYxMzY1MDYzMzIwMiUyMTVtMiUyMTFzdHIlMjEyc3RyJTIyJTIwd2lkdGglM0QlMjIxMjAwJTIyJTIwaGVpZ2h0JTNEJTIyNDUwJTIyJTIwZnJhbWVib3JkZXIlM0QlMjIwJTIyJTIwc3R5bGUlM0QlMjJib3JkZXIlM0EwJTNCJTIyJTIwYWxsb3dmdWxsc2NyZWVuJTNEJTIyJTIyJTIwYXJpYS1oaWRkZW4lM0QlMjJmYWxzZSUyMiUyMHRhYmluZGV4JTNEJTIyMCUyMiUzRSUzQyUyRmlmcmFtZSUzRQ==[\/vc_raw_html][\/vc_column][\/vc_row][vc_row][vc_column width=&#8221;2\/3&#8243;][vc_column_text][\/vc_column_text][\/vc_column][vc_column width=&#8221;1\/3&#8243;][vc_column_text]<\/p>\n<div class=\"wpb_text_column wpb_content_element \">\n<div class=\"wpb_wrapper\">\n<div class=\"wpb_text_column wpb_content_element \">\n<div class=\"wpb_wrapper\">\n<h6>FS FOREIGN TRADE<br \/>\n\u0130stanbul ofis<\/h6>\n<p><span class=\"address\">Fatih Sultan Mehmet Mah. Poligon Cad. Buyaka Kule-3 No:8C Kat 8 \/ 54 \u00dcmraniye \/ \u0130stanbul &#8211; TURKEY<\/span><\/p>\n<p><span class=\"address\">Google Map Link:<br \/>\n<a href=\"https:\/\/goo.gl\/maps\/nYeQeKEmbeCh4RaC6\" target=\"_blank\" rel=\"noopener\">https:\/\/goo.gl\/maps\/nYeQeKEmbeCh4RaC6<\/a><\/span><\/p>\n<p><span class=\"fax\"><strong>Phone:<\/strong>\u00a0+ 90 216 504 31 55<br \/>\n<\/span><span class=\"fax\"><strong>Fax:<\/strong> + 90 216 504 31 56<br \/>\n<\/span><span class=\"email\"><strong>E-Mail:<\/strong>\u00a0<a href=\"mailto:info@fsforeigntrade.com\">info@fsforeigntrade.com<\/a><br \/>\n<\/span><span class=\"web\"><strong>Web:<\/strong>\u00a0<a href=\"https:\/\/www.fsforeigntrade.com\/\">www.fsforeigntrade.com<\/a><\/span><\/p>\n<\/div>\n<\/div>\n<\/div>\n<\/div>\n<p>[\/vc_column_text][\/vc_column][\/vc_row]<\/p>\n","protected":false},"author":1,"featured_media":0,"parent":0,"menu_order":4,"comment_status":"closed","ping_status":"closed","template":"page-contact.php","meta":{"footnotes":""},"class_list":["post-23","page","type-page","status-publish","hentry","page_keywords-179","page_keywords-2-ethyl-hexanol","page_keywords-2-ethyl-hexyl-acrylate","page_keywords-2-hydroxy-ethyl-acrylate","page_keywords-2-hydroxy-ethyl-methacrylate","page_keywords-2-hydroxy-propyl-acrylate","page_keywords-2-hydroxy-propyl-methacrylate","page_keywords-4-butanediol","page_keywords-acetic-acid","page_keywords-acetone","page_keywords-acetonitrile","page_keywords-acrylamide","page_keywords-acrylic-acid","page_keywords-adipic-acid","page_keywords-aluminium-paste","page_keywords-benzyl-alcohol","page_keywords-butyl-acrylate","page_keywords-butyl-hydroxy-toluene","page_keywords-butyldiglycol","page_keywords-butyldiglycolacetate","page_keywords-butylglycol","page_keywords-butylglycolacetate","page_keywords-caustic-soda-flakes","page_keywords-chlorinated-paraffin","page_keywords-chloroform","page_keywords-cocodiethanolamide","page_keywords-coconut-oil","page_keywords-cyclohexane","page_keywords-cyclohexanone","page_keywords-diacetone-alcohol","page_keywords-dibutyl-phthalate","page_keywords-dicyclopentadiene","page_keywords-diethanolamine","page_keywords-diethylene-glycol","page_keywords-diisobutyl-ketone","page_keywords-diisobutyl-phthalate","page_keywords-diisononyl-phthalate","page_keywords-dimer-acid","page_keywords-dimethylformamide","page_keywords-dioctyl-adipate","page_keywords-dioctyl-terephthalate","page_keywords-dioctylphthalate","page_keywords-dipropylene-glycol-mono-butyl-ether","page_keywords-dipropylene-glycol-mono-methyl-ether","page_keywords-dipropylene-glycol-n-propyl-ether","page_keywords-dipropyleneglycol","page_keywords-epoxidized-soybean-oil","page_keywords-ethoxy-propanol","page_keywords-ethyl-acetate","page_keywords-ethyl-acrylate","page_keywords-ethyldiglycol","page_keywords-ethylglycol","page_keywords-ethylglycolacetate","page_keywords-fatty-acids","page_keywords-fatty-alcohol-ethoxylates","page_keywords-glycerine-usp-bp","page_keywords-gum-rosin","page_keywords-hexamine","page_keywords-hexylene-glycol","page_keywords-iletisim","page_keywords-iso-propyl-alcohol","page_keywords-isobutyl-alcohol","page_keywords-isophorone","page_keywords-isopropyl-acetate","page_keywords-linseed-oil","page_keywords-maleic-anhydride","page_keywords-methacrylic-acid","page_keywords-methoxy-propanol","page_keywords-methoxy-propyl-acetate","page_keywords-methyl-acrylate","page_keywords-methyl-ethyl-ketone","page_keywords-methyl-isobutyl-ketone","page_keywords-methyl-methacrylate","page_keywords-methylene-chloride","page_keywords-mono-propylene-glycol-mono-butyl-ether","page_keywords-monoethanolamine","page_keywords-monopropyleneglycol-industrial","page_keywords-monopropyleneglycol-usp","page_keywords-mosstanol-p","page_keywords-n-butyl-acetate","page_keywords-n-butyl-alcohol","page_keywords-n-butyl-methacrylate","page_keywords-n-heptane","page_keywords-n-hexane","page_keywords-n-methyl-2-pyrrolidone","page_keywords-n-propyl-acetate","page_keywords-n-propyl-alcohol","page_keywords-nitric-asid-56","page_keywords-nitric-asid-68","page_keywords-on-request","page_keywords-pentaerythritol-95","page_keywords-pentaerythritol-98","page_keywords-perchloroethylene","page_keywords-phenol","page_keywords-phthalic-anhydride","page_keywords-polyethyleneglycol","page_keywords-polyol","page_keywords-propylene-glycol-n-propyl-ether","page_keywords-sec-butyl-acetate","page_keywords-sodium-metabisulfite","page_keywords-solvent-naphtha-100","page_keywords-soy-bean-oil","page_keywords-special-boiling-points","page_keywords-styrene-monomer","page_keywords-sulfuric-acid","page_keywords-tetrahydrofuran","page_keywords-toluene","page_keywords-toluene-diisocyanate","page_keywords-tri-propylene-glycol-mono-butyl-ether","page_keywords-tri-propylene-glycol-mono-methyl-ether","page_keywords-trichloroethylene","page_keywords-triethyleneglycol","page_keywords-vinyl-acetate-monomer","page_keywords-white-spirit","page_keywords-xylene"],"_links":{"self":[{"href":"https:\/\/www.fsforeigntrade.com\/tr\/wp-json\/wp\/v2\/pages\/23","targetHints":{"allow":["GET"]}}],"collection":[{"href":"https:\/\/www.fsforeigntrade.com\/tr\/wp-json\/wp\/v2\/pages"}],"about":[{"href":"https:\/\/www.fsforeigntrade.com\/tr\/wp-json\/wp\/v2\/types\/page"}],"author":[{"embeddable":true,"href":"https:\/\/www.fsforeigntrade.com\/tr\/wp-json\/wp\/v2\/users\/1"}],"replies":[{"embeddable":true,"href":"https:\/\/www.fsforeigntrade.com\/tr\/wp-json\/wp\/v2\/comments?post=23"}],"version-history":[{"count":24,"href":"https:\/\/www.fsforeigntrade.com\/tr\/wp-json\/wp\/v2\/pages\/23\/revisions"}],"predecessor-version":[{"id":6740,"href":"https:\/\/www.fsforeigntrade.com\/tr\/wp-json\/wp\/v2\/pages\/23\/revisions\/6740"}],"wp:attachment":[{"href":"https:\/\/www.fsforeigntrade.com\/tr\/wp-json\/wp\/v2\/media?parent=23"}],"curies":[{"name":"wp","href":"https:\/\/api.w.org\/{rel}","templated":true}]}}