{"id":6726,"date":"2024-02-15T14:55:44","date_gmt":"2024-02-15T11:55:44","guid":{"rendered":"https:\/\/www.fsforeigntrade.com\/tr\/?page_id=6726"},"modified":"2024-02-15T16:52:23","modified_gmt":"2024-02-15T13:52:23","slug":"haberler","status":"publish","type":"page","link":"https:\/\/www.fsforeigntrade.com\/tr\/haberler\/","title":{"rendered":"Haberler"},"content":{"rendered":"[vc_row full_width=\"stretch_row\"][vc_column width=\"1\/2\"][vc_empty_space][vc_custom_heading source=\"post_title\" use_theme_fonts=\"yes\" css_animation=\"fadeInUp\" el_class=\"news\"][vc_column_text]\n<div class=\"flex-1 overflow-hidden\">\n<div class=\"react-scroll-to-bottom--css-fojty-79elbk h-full\">\n<div class=\"react-scroll-to-bottom--css-fojty-1n7m0yu\">\n<div class=\"flex flex-col pb-9 text-sm\">\n<div class=\"w-full text-token-text-primary\" data-testid=\"conversation-turn-3\">\n<div class=\"px-4 py-2 justify-center text-base md:gap-6 m-auto\">\n<div class=\"flex flex-1 text-base mx-auto gap-3 md:px-5 lg:px-1 xl:px-5 md:max-w-3xl lg:max-w-[40rem] xl:max-w-[48rem] group final-completion\">\n<div class=\"relative flex w-full flex-col lg:w-[calc(100%-115px)] agent-turn\">\n<div class=\"flex-col gap-1 md:gap-3\">\n<div class=\"flex flex-grow flex-col max-w-full\">\n<div class=\"min-h-[20px] text-message flex flex-col items-start gap-3 whitespace-pre-wrap break-words [.text-message+&amp;]:mt-5 overflow-x-auto\" data-message-author-role=\"assistant\" data-message-id=\"62929248-9af9-4109-af8e-24b6d06cd45a\">\n<div class=\"markdown prose w-full break-words dark:prose-invert dark\">\n<p>FS D\u0131\u015f Ticaret A.\u015e. olarak, de\u011ferli takip\u00e7ilerimiz ve ilgili ki\u015filer i\u00e7in \u015firketimiz hakk\u0131ndaki haber makalelerini bu platform arac\u0131l\u0131\u011f\u0131yla derledik. Bu ortam arac\u0131l\u0131\u011f\u0131yla, \u015firketimizin sekt\u00f6rdeki geli\u015fmeleri, ba\u015far\u0131lar\u0131 ve faaliyetleri hakk\u0131nda haberlere kolayca eri\u015febilirsiniz.<\/p>\n<p>Amac\u0131m\u0131z, FS D\u0131\u015f Ticaret A.\u015e. olarak, sizlere sekt\u00f6rdeki yenilikleri ve ba\u015far\u0131lar\u0131 payla\u015farak, \u015feffaf ve g\u00fcncel bir ileti\u015fim k\u00f6pr\u00fcs\u00fc olu\u015fturmakt\u0131r. Burada hakk\u0131m\u0131zda yer alan haber makalelerini takip ederek, \u015firketimiz ve faaliyetlerimiz hakk\u0131nda en g\u00fcncel bilgilere eri\u015febilirsiniz.<\/p>\n<\/div>\n<\/div>\n<\/div>\n<\/div>\n<\/div>\n<\/div>\n<\/div>\n<\/div>\n<\/div>\n<\/div>\n<\/div>\n<\/div>\n[\/vc_column_text][\/vc_column][vc_column width=\"1\/2\"][vc_empty_space][vc_single_image source=\"external_link\" external_img_size=\"1200x630\" custom_src=\"https:\/\/www.fsforeigntrade.com\/wp-content\/uploads\/2024\/02\/Ekran-Resmi-2024-02-12-16.35.17-1200x630.png\"][\/vc_column][\/vc_row][vc_row][vc_column][vc_text_separator title=\"Haberler\" color=\"turquoise\" border_width=\"4\"][\/vc_column][\/vc_row][vc_row content_placement=\"middle\" css_animation=\"fadeInUp\"][vc_column css_animation=\"fadeInLeft\" width=\"1\/2\"][vc_single_image source=\"external_link\" external_img_size=\"1200x630\" alignment=\"center\" css_animation=\"fadeInUp\" custom_src=\"https:\/\/www.fsforeigntrade.com\/wp-content\/uploads\/2024\/02\/fs-tobb-100-1200x640.jpg\"][\/vc_column][vc_column width=\"1\/2\"][vc_custom_heading text=\"TOBB 100 - 2023 Listesi'ndeyiz!\" font_container=\"tag:h2|text_align:justify|color:%232ec3d5\" use_theme_fonts=\"yes\" css_animation=\"fadeInLeft\" el_class=\"news\"][vc_column_text]\n<p style=\"text-align: left;\">FS D\u0131\u015f Ticaret A.\u015e., T\u00fcrkiye Odalar ve Borsalar Birli\u011fi (TOBB), T\u00fcrkiye Ekonomi Politikalar\u0131 Ara\u015ft\u0131rma Vakf\u0131 (TEPAV) ve TOBB Ekonomi ve Teknoloji \u00dcniversitesi (ET\u00dc) i\u015f birli\u011fiyle d\u00fczenlenen T\u00fcrkiye'nin en h\u0131zl\u0131 b\u00fcy\u00fcyen 100 \u015firketi listesinde 18. s\u0131raya yerle\u015ferek \u00f6nemli bir kilometre ta\u015f\u0131na ula\u015fm\u0131\u015ft\u0131r. Bu tan\u0131nma, \u015firketin son iki y\u0131lda g\u00f6stermi\u015f oldu\u011fu ola\u011fan\u00fcst\u00fc performans arac\u0131l\u0131\u011f\u0131yla T\u00fcrk ekonomisine katk\u0131s\u0131n\u0131 vurgulamakta ve sekt\u00f6r\u00fcndeki lider konumunu peki\u015ftirmektedir. FS D\u0131\u015f Ticaret A.\u015e., bu ba\u015far\u0131y\u0131 m\u00fc\u015fterileri, ortaklar\u0131 ve \u00e7al\u0131\u015fanlar\u0131yla payla\u015fman\u0131n gururunu ya\u015famakta ve bunu, yenilik\u00e7ili\u011fe ve s\u00fcrd\u00fcr\u00fclebilir b\u00fcy\u00fcmeye olan ba\u011fl\u0131l\u0131\u011f\u0131n\u0131n bir kan\u0131t\u0131 olarak g\u00f6rmektedir. Daha fazla bilgi i\u00e7in l\u00fctfen TOBB'un resmi web sitesini ziyaret ediniz.<\/p>\n[\/vc_column_text][\/vc_column][\/vc_row][vc_row content_placement=\"middle\" css_animation=\"fadeInUp\"][vc_column css_animation=\"fadeInLeft\" width=\"1\/2\"][vc_single_image source=\"external_link\" external_img_size=\"1200x630\" alignment=\"center\" css_animation=\"fadeInUp\" custom_src=\"https:\/\/www.fsforeigntrade.com\/wp-content\/uploads\/2024\/02\/thumbs_b_c_362260d2130df0a23f48d038c8338a1b.jpg\"][\/vc_column][vc_column width=\"1\/2\"][vc_custom_heading text=\"TOBB 100 - 2020 Listesi'ndeyiz!\" font_container=\"tag:h2|text_align:left|color:%232ec3d5\" use_theme_fonts=\"yes\" css_animation=\"fadeInLeft\" el_class=\"news\"][vc_column_text]\n<p style=\"text-align: left;\">FS D\u0131\u015f Ticaret A.\u015e., 2016 ve 2018 y\u0131llar\u0131 aras\u0131nda T\u00fcrkiye'de sat\u0131\u015f gelirinde en h\u0131zl\u0131 b\u00fcy\u00fcme g\u00f6steren \u015firketler listesinde T\u00fcrkiye Odalar ve Borsalar Birli\u011fi (TOBB) taraf\u0131ndan ikinci s\u0131raya yerle\u015ferek dikkat \u00e7ekici bir ba\u015far\u0131ya imza atm\u0131\u015ft\u0131r. Bu ba\u015far\u0131, \u015firketin bu d\u00f6nemde %2,723 gibi ola\u011fan\u00fcst\u00fc bir b\u00fcy\u00fcme oran\u0131na ula\u015farak plastik ve kau\u00e7uk sekt\u00f6r\u00fcne \u00f6nemli katk\u0131larda bulundu\u011funu g\u00f6stermektedir. TOBB, TEPAV ve TOBB Ekonomi ve Teknoloji \u00dcniversitesi (ET\u00dc) i\u015fbirli\u011fiyle a\u00e7\u0131klanan liste, FS D\u0131\u015f Ticaret A.\u015e.'nin ekonomik ilerleme ve yenilik\u00e7ilikte \u00f6nc\u00fc rol oynad\u0131\u011f\u0131n\u0131 vurgulamaktad\u0131r. Bu ba\u015far\u0131, \u015firketin dinamik b\u00fcy\u00fcme stratejisini ve operasyonlar\u0131nda m\u00fckemmelli\u011fe ve s\u00fcrd\u00fcr\u00fclebilirli\u011fe olan ba\u011fl\u0131l\u0131\u011f\u0131n\u0131 sadece vurgulamakla kalmamakta, ayn\u0131 zamanda peki\u015ftirmektedir. Daha detayl\u0131 bilgi i\u00e7in l\u00fctfen Anadolu Ajans\u0131'n\u0131n web sitesindeki orijinal makaleyi ziyaret ediniz.<\/p>\n[\/vc_column_text][\/vc_column][\/vc_row]\n","protected":false},"excerpt":{"rendered":"<p>[vc_row full_width=&#8221;stretch_row&#8221;][vc_column width=&#8221;1\/2&#8243;][vc_empty_space][vc_custom_heading source=&#8221;post_title&#8221; use_theme_fonts=&#8221;yes&#8221; css_animation=&#8221;fadeInUp&#8221; el_class=&#8221;news&#8221;][vc_column_text]<\/p>\n<p>FS D\u0131\u015f Ticaret A.\u015e. olarak, de\u011ferli takip\u00e7ilerimiz ve ilgili ki\u015filer i\u00e7in \u015firketimiz hakk\u0131ndaki haber makalelerini bu platform arac\u0131l\u0131\u011f\u0131yla derledik. Bu ortam arac\u0131l\u0131\u011f\u0131yla, \u015firketimizin sekt\u00f6rdeki geli\u015fmeleri, ba\u015far\u0131lar\u0131 ve faaliyetleri hakk\u0131nda haberlere kolayca eri\u015febilirsiniz.<\/p>\n<p>Amac\u0131m\u0131z, FS D\u0131\u015f Ticaret A.\u015e. olarak, sizlere sekt\u00f6rdeki yenilikleri ve ba\u015far\u0131lar\u0131 payla\u015farak, \u015feffaf ve g\u00fcncel bir ileti\u015fim k\u00f6pr\u00fcs\u00fc olu\u015fturmakt\u0131r. Burada hakk\u0131m\u0131zda yer alan haber makalelerini takip ederek, \u015firketimiz ve faaliyetlerimiz hakk\u0131nda en g\u00fcncel bilgilere eri\u015febilirsiniz.<\/p>\n<p>[\/vc_column_text][\/vc_column][vc_column width=&#8221;1\/2&#8243;][vc_empty_space][vc_single_image source=&#8221;external_link&#8221; external_img_size=&#8221;1200&#215;630&#8243; custom_src=&#8221;https:\/\/www.fsforeigntrade.com\/wp-content\/uploads\/2024\/02\/Ekran-Resmi-2024-02-12-16.35.17-1200&#215;630.png&#8221;][\/vc_column][\/vc_row][vc_row][vc_column][vc_text_separator title=&#8221;Haberler&#8221; color=&#8221;turquoise&#8221; border_width=&#8221;4&#8243;][\/vc_column][\/vc_row][vc_row content_placement=&#8221;middle&#8221; css_animation=&#8221;fadeInUp&#8221;][vc_column css_animation=&#8221;fadeInLeft&#8221; width=&#8221;1\/2&#8243;][vc_single_image source=&#8221;external_link&#8221; external_img_size=&#8221;1200&#215;630&#8243; alignment=&#8221;center&#8221; css_animation=&#8221;fadeInUp&#8221; custom_src=&#8221;https:\/\/www.fsforeigntrade.com\/wp-content\/uploads\/2024\/02\/fs-tobb-100-1200&#215;640.jpg&#8221;][\/vc_column][vc_column width=&#8221;1\/2&#8243;][vc_custom_heading text=&#8221;TOBB<\/p>\n","protected":false},"author":1,"featured_media":0,"parent":0,"menu_order":0,"comment_status":"closed","ping_status":"closed","template":"page-fullwidth.php","meta":{"footnotes":""},"class_list":["post-6726","page","type-page","status-publish","hentry"],"_links":{"self":[{"href":"https:\/\/www.fsforeigntrade.com\/tr\/wp-json\/wp\/v2\/pages\/6726","targetHints":{"allow":["GET"]}}],"collection":[{"href":"https:\/\/www.fsforeigntrade.com\/tr\/wp-json\/wp\/v2\/pages"}],"about":[{"href":"https:\/\/www.fsforeigntrade.com\/tr\/wp-json\/wp\/v2\/types\/page"}],"author":[{"embeddable":true,"href":"https:\/\/www.fsforeigntrade.com\/tr\/wp-json\/wp\/v2\/users\/1"}],"replies":[{"embeddable":true,"href":"https:\/\/www.fsforeigntrade.com\/tr\/wp-json\/wp\/v2\/comments?post=6726"}],"version-history":[{"count":6,"href":"https:\/\/www.fsforeigntrade.com\/tr\/wp-json\/wp\/v2\/pages\/6726\/revisions"}],"predecessor-version":[{"id":6733,"href":"https:\/\/www.fsforeigntrade.com\/tr\/wp-json\/wp\/v2\/pages\/6726\/revisions\/6733"}],"wp:attachment":[{"href":"https:\/\/www.fsforeigntrade.com\/tr\/wp-json\/wp\/v2\/media?parent=6726"}],"curies":[{"name":"wp","href":"https:\/\/api.w.org\/{rel}","templated":true}]}}