{"id":85,"date":"2013-01-07T10:51:17","date_gmt":"2013-01-07T07:51:17","guid":{"rendered":"http:\/\/artstudioworks.net\/wordpress\/energy\/?page_id=85"},"modified":"2021-07-12T13:42:46","modified_gmt":"2021-07-12T10:42:46","slug":"biz-kimiz","status":"publish","type":"page","link":"https:\/\/www.fsforeigntrade.com\/tr\/biz-kimiz\/","title":{"rendered":"Biz Kimiz?"},"content":{"rendered":"[vc_row css=\".vc_custom_1403683187490{padding-top: 50px !important;padding-bottom: 60px !important;}\"][vc_column width=\"1\/2\"][vc_single_image image=\"5346\" img_size=\"700x600\" alignment=\"center\"][\/vc_column][vc_column width=\"1\/2\"]<div class=\"separator_block left\" style=\"margin-bottom:30px;\"><h3>F\u0130RMAMIZA HO\u015eGELD\u0130N\u0130Z<\/h3><div class=\"separator short\"><div class=\"separator_line\"><\/div><\/div><div class=\"clearfix\"><\/div><\/div>[vc_column_text css=\".vc_custom_1615636355059{margin-bottom: 40px !important;}\"]<a href=\"https:\/\/www.fsforeigntrade.com\/tr\/biz-kimiz\/\"><strong>FS D\u0131\u015f Ticaret A.\u015e. - Biz Kimiz ?<\/strong><\/a> \u00d6ncelikle \u00f6zel kimyasallar, yap\u0131 malzemeleri, tekstil ve g\u0131da end\u00fcstrilerinin bir distrib\u00fct\u00f6r\u00fc olarak bulundu. Geni\u015f \u00fcr\u00fcn yelpazesi ve etkin bir da\u011f\u0131t\u0131m a\u011f\u0131 sayesinde, FS D\u0131\u015f Ticaret art\u0131k ba\u015fta Avrupa, Orta Asya, Orta Do\u011fu ve Kuzey Afrika olmak \u00fczere bir\u00e7ok noktaya ula\u015f\u0131yor. Geni\u015f bir ofis ve depo a\u011f\u0131 ile FS D\u0131\u015f Ticaret, t\u00fcm i\u015f gereksinimlerinizi kar\u015f\u0131lamak i\u00e7in gerekli yerel bilgiye ve anahtar k\u00fcresel a\u011fa sahiptir.<br \/>\nFS D\u0131\u015f Ticaret, \u00fcretim s\u0131ras\u0131nda ihtiya\u00e7 duyulan bir\u00e7ok end\u00fcstri i\u00e7in eksiksiz bir katk\u0131 maddesi yelpazesi tedarik etmektedir. M\u00fc\u015fterilerimizin ihtiya\u00e7lar\u0131n\u0131 kar\u015f\u0131lamaya g\u00fc\u00e7l\u00fc bir \u015fekilde odakland\u0131k ve adil, d\u00fcr\u00fcst bir temelde net anla\u015fmalar yapmak i\u00e7in \u00e7abal\u0131yoruz.<\/p>\n<p><a href=\"https:\/\/www.fsforeigntrade.com\/tr\/biz-kimiz\/\"><strong>STRATEJ\u0130:<\/strong><\/a> T\u00fcrkiye pazar\u0131ndaki \u00f6nc\u00fc konumunu ve uluslararas\u0131 pazarlardaki proaktif rol\u00fcm\u00fcz\u00fc s\u00fcrd\u00fcrmek;<br \/>\nM\u00fc\u015fterilerimizin memnuniyetini art\u0131rmak i\u00e7in,<br \/>\n\u015eimdi yapt\u0131\u011f\u0131m\u0131z \u015feyi daha verimli yapmak i\u00e7in,<br \/>\nM\u00fc\u015fterilerimize alternatif \u00fcr\u00fcnler sunmak i\u00e7in i\u015f ortaklar\u0131m\u0131z\u0131 \u00e7e\u015fitlendirmek,<br \/>\n\u0130\u015fletme sermayemizi g\u00fc\u00e7lendirmek i\u00e7in sa\u011fl\u0131kl\u0131 ve s\u00fcrd\u00fcr\u00fclebilir b\u00fcy\u00fcme sa\u011flamak,<br \/>\nAmac\u0131m\u0131z, sahip oldu\u011fumuz \u015feyi satmak yerine, istedi\u011finizi elde etmede orta\u011f\u0131n\u0131z olmakt\u0131r.[\/vc_column_text][\/vc_column][\/vc_row][vc_row][vc_column][vc_column_text]<a href=\"https:\/\/www.fsforeigntrade.com\/tr\/biz-kimiz\/\"><strong>FS D\u0131\u015f Ticaret<\/strong><\/a>, \u00f6ncelikle \u00f6zel kimyasallar, yap\u0131 malzemeleri, tekstil ve g\u0131da end\u00fcstrilerinin bir distrib\u00fct\u00f6r\u00fc olarak bulundu. Geni\u015f \u00fcr\u00fcn yelpazesi ve etkin bir da\u011f\u0131t\u0131m a\u011f\u0131 sayesinde, FS D\u0131\u015f Ticaret art\u0131k ba\u015fta Avrupa, Orta Asya, Orta Do\u011fu ve Kuzey Afrika olmak \u00fczere bir\u00e7ok noktaya ula\u015f\u0131yor. Geni\u015f bir ofis ve depo a\u011f\u0131 ile FS D\u0131\u015f Ticaret, t\u00fcm i\u015f gereksinimlerinizi kar\u015f\u0131lamak i\u00e7in gerekli yerel bilgiye ve anahtar k\u00fcresel a\u011fa sahiptir.<\/p>\n<p><a href=\"https:\/\/www.fsforeigntrade.com\/tr\/biz-kimiz\/\"><strong>\u0130THALAT:<\/strong><\/a> FS D\u0131\u015f Ticaret, d\u00fcnyan\u0131n farkl\u0131 yerlerinde bulunan \u00fcreticilerden \u00fcr\u00fcnleri ithal etmekte ve stoklamaktad\u0131r. S\u0131v\u0131 ve kat\u0131 \u00fcr\u00fcnler ambalajl\u0131 ve ambalajs\u0131z olarak ithal edilmektedir. FS D\u0131\u015f Ticaret, d\u00fczenli olarak ithal etti\u011fi \u00fcr\u00fcnlerin yan\u0131 s\u0131ra m\u00fc\u015fterilerin talepleri do\u011frultusunda belirli \u00fcr\u00fcnleri de ithal etmektedir.<\/p>\n<p><strong><a href=\"https:\/\/www.fsforeigntrade.com\/tr\/biz-kimiz\/\">\u0130HRACAT:<\/a><\/strong> FS D\u0131\u015f Ticaret, ba\u015flang\u0131\u00e7ta kom\u015fu \u00fclkelere kimyasallar ihra\u00e7 etti. FS D\u0131\u015f Ticaret, T\u00fcrk yap\u0131m\u0131 \u00fcr\u00fcnlerin ihracat\u0131n\u0131n yan\u0131 s\u0131ra transit ticarette de aktif olarak yer almaktad\u0131r.<\/p>\n<p><strong><a href=\"https:\/\/www.fsforeigntrade.com\/tr\/biz-kimiz\/\">DEPOLAMA:<\/a><\/strong> FS D\u0131\u015f Ticaret, d\u00f6kme ve ambalajl\u0131 \u00fcr\u00fcnleri \u00fcr\u00fcn s\u0131n\u0131f\u0131na g\u00f6re depolayabilmektedir. Firma ayr\u0131ca m\u00fc\u015fterilerinin ani taleplerini kar\u015f\u0131lamak i\u00e7in \u00fclke \u00e7ap\u0131ndaki sanayi b\u00f6lgesi ve limanlarda bulunan kiral\u0131k tesisleri kullanmaktad\u0131r.<\/p>\n<p>\u00dcr\u00fcnlerin m\u00fc\u015fterilere teslimat\u0131 Sat\u0131\u015f ve Lojistik departmanlar\u0131n\u0131n koordinasyonunda planlanmakta ve tamamlanmaktad\u0131r.<\/p>\n<p><strong><a href=\"https:\/\/www.fsforeigntrade.com\/tr\/biz-kimiz\/\">TESL\u0130MATLAR:<\/a><\/strong> FS D\u0131\u015f Ticaret, m\u00fc\u015fteri ihtiya\u00e7lar\u0131na g\u00f6re deniz, karayolu, demiryolu ve hava yolu y\u00f6ntemleriyle tedarik zinciri \u00e7\u00f6z\u00fcmleri olu\u015fturur ve her zaman en y\u00fcksek kalite standartlar\u0131nda zaman\u0131nda teslimat\u0131 hedefler.[\/vc_column_text][\/vc_column][\/vc_row][vc_row css=\".vc_custom_1403684305433{border-top-width: 1px !important;border-bottom-width: 1px !important;padding-top: 60px !important;padding-bottom: 60px !important;border-color: #d9dddf !important;}\"][vc_column]<div class=\"separator_block center\" style=\"margin-bottom:30px;\"><h3>BECER\u0130 VE YETENEKLER\u0130M\u0130Z<\/h3><div class=\"separator short\"><div class=\"separator_line\"><\/div><\/div><div class=\"clearfix\"><\/div><\/div>[vc_column_text css=\".vc_custom_1614852835422{margin-bottom: 40px !important;}\"]\n<p style=\"text-align: center;\"><span class=\"VIiyi\" lang=\"tr\"><span class=\"JLqJ4b ChMk0b\" data-language-for-alternatives=\"tr\" data-language-to-translate-into=\"en\" data-phrase-index=\"0\">Yeteneklerimiz ve becerilerimiz hakk\u0131nda daha fazla bilgi edinin.<\/span> <span class=\"JLqJ4b ChMk0b\" data-language-for-alternatives=\"tr\" data-language-to-translate-into=\"en\" data-phrase-index=\"1\">Sizin i\u00e7in \u00e7al\u0131\u015f\u0131yoruz.<\/span><\/span><\/p>\n[\/vc_column_text][vc_row_inner][vc_column_inner width=\"1\/4\"]<script type='text\/javascript'>\n      jQuery(document).ready(function() {\n        var opts = {\n          lines: 12, \/\/ The number of lines to draw\n          angle: 0.5, \/\/ The length of each line\n          lineWidth: 0.05, \/\/ The line thickness\n          colorStart: '#43b4f9',   \/\/ Colors\n          colorStop: '#43b4f9',    \/\/ just experiment with them\n          strokeColor: '#ededed',   \/\/ to see which ones work best for you\n          shadowColor: '#ededed',\n          generateGradient: false\n        };\n        var circle_1 = new Donut(document.getElementById('counter-circle-1')).setOptions(opts);\n        circle_1.maxValue = 100; \/\/ set max gauge value\n        circle_1.animationSpeed = 70; \/\/ set animation speed (32 is default value)\n        circle_1.set(95); \/\/ set actual value\n      });\n      <\/script><div class=\"counter-circle-wrapper\"><canvas width=\"220\" height=\"220\" class=\"counter-circle\" id=\"counter-circle-1\"><\/canvas><div class=\"counter-circle-content\"  style=\"width:220px; height:220px; line-height:220px; margin-left:-110px;\">OPERASYON<\/div><\/div>[\/vc_column_inner][vc_column_inner width=\"1\/4\"]<script type='text\/javascript'>\n      jQuery(document).ready(function() {\n        var opts = {\n          lines: 12, \/\/ The number of lines to draw\n          angle: 0.5, \/\/ The length of each line\n          lineWidth: 0.05, \/\/ The line thickness\n          colorStart: '#43b4f9',   \/\/ Colors\n          colorStop: '#43b4f9',    \/\/ just experiment with them\n          strokeColor: '#ededed',   \/\/ to see which ones work best for you\n          shadowColor: '#ededed',\n          generateGradient: false\n        };\n        var circle_2 = new Donut(document.getElementById('counter-circle-2')).setOptions(opts);\n        circle_2.maxValue = 100; \/\/ set max gauge value\n        circle_2.animationSpeed = 70; \/\/ set animation speed (32 is default value)\n        circle_2.set(87); \/\/ set actual value\n      });\n      <\/script><div class=\"counter-circle-wrapper\"><canvas width=\"220\" height=\"220\" class=\"counter-circle\" id=\"counter-circle-2\"><\/canvas><div class=\"counter-circle-content\"  style=\"width:220px; height:220px; line-height:220px; margin-left:-110px;\">GEL\u0130\u015eT\u0130RME<\/div><\/div>[\/vc_column_inner][vc_column_inner width=\"1\/4\"]<script type='text\/javascript'>\n      jQuery(document).ready(function() {\n        var opts = {\n          lines: 12, \/\/ The number of lines to draw\n          angle: 0.5, \/\/ The length of each line\n          lineWidth: 0.05, \/\/ The line thickness\n          colorStart: '#43b4f9',   \/\/ Colors\n          colorStop: '#43b4f9',    \/\/ just experiment with them\n          strokeColor: '#ededed',   \/\/ to see which ones work best for you\n          shadowColor: '#ededed',\n          generateGradient: false\n        };\n        var circle_3 = new Donut(document.getElementById('counter-circle-3')).setOptions(opts);\n        circle_3.maxValue = 100; \/\/ set max gauge value\n        circle_3.animationSpeed = 70; \/\/ set animation speed (32 is default value)\n        circle_3.set(80); \/\/ set actual value\n      });\n      <\/script><div class=\"counter-circle-wrapper\"><canvas width=\"220\" height=\"220\" class=\"counter-circle\" id=\"counter-circle-3\"><\/canvas><div class=\"counter-circle-content\"  style=\"width:220px; height:220px; line-height:220px; margin-left:-110px;\">SATI\u015e<\/div><\/div>[\/vc_column_inner][vc_column_inner width=\"1\/4\"]<script type='text\/javascript'>\n      jQuery(document).ready(function() {\n        var opts = {\n          lines: 12, \/\/ The number of lines to draw\n          angle: 0.5, \/\/ The length of each line\n          lineWidth: 0.05, \/\/ The line thickness\n          colorStart: '#43b4f9',   \/\/ Colors\n          colorStop: '#43b4f9',    \/\/ just experiment with them\n          strokeColor: '#ededed',   \/\/ to see which ones work best for you\n          shadowColor: '#ededed',\n          generateGradient: false\n        };\n        var circle_4 = new Donut(document.getElementById('counter-circle-4')).setOptions(opts);\n        circle_4.maxValue = 100; \/\/ set max gauge value\n        circle_4.animationSpeed = 70; \/\/ set animation speed (32 is default value)\n        circle_4.set(75); \/\/ set actual value\n      });\n      <\/script><div class=\"counter-circle-wrapper\"><canvas width=\"220\" height=\"220\" class=\"counter-circle\" id=\"counter-circle-4\"><\/canvas><div class=\"counter-circle-content\"  style=\"width:220px; height:220px; line-height:220px; margin-left:-110px;\">ARA\u015eTIRMA<\/div><\/div>[\/vc_column_inner][\/vc_row_inner][\/vc_column][\/vc_row][vc_row][vc_column][vc_video link=\"https:\/\/youtu.be\/8oWlltNYux8\" align=\"center\" css_animation=\"fadeIn\" title=\"FS Foreign Trade\"][\/vc_column][\/vc_row][vc_row css=\".vc_custom_1403684305433{border-top-width: 1px !important;border-bottom-width: 1px !important;padding-top: 60px !important;padding-bottom: 60px !important;border-color: #d9dddf !important;}\"][vc_column]<div class=\"separator_block center\" style=\"margin-bottom:30px;\"><h3>NASIL \u00c7ALI\u015eIYORUZ<\/h3><div class=\"separator short\"><div class=\"separator_line\"><\/div><\/div><div class=\"clearfix\"><\/div><\/div>[vc_column_text css=\".vc_custom_1614852903291{margin-bottom: 40px !important;}\"]\n<p style=\"text-align: center;\">Rahat, verimli ve uzun vadeli ortakl\u0131k \u00f6nceli\u011fimizdir!<br \/>\nEkibimiz - bizi farkl\u0131 k\u0131lan da bu! Tak\u0131m\u0131n g\u00fcc\u00fc her \u00fcyenin i\u00e7indedir. Her \u00fcyenin g\u00fcc\u00fc tak\u0131md\u0131r.<\/p>\n[\/vc_column_text][\/vc_column][\/vc_row]\n","protected":false},"excerpt":{"rendered":"<p>[vc_row css=&#8221;.vc_custom_1403683187490{padding-top: 50px !important;padding-bottom: 60px !important;}&#8221;][vc_column width=&#8221;1\/2&#8243;][vc_single_image image=&#8221;5346&#8243; img_size=&#8221;700&#215;600&#8243; alignment=&#8221;center&#8221;][\/vc_column][vc_column width=&#8221;1\/2&#8243;][vc_column_text css=&#8221;.vc_custom_1615636355059{margin-bottom: 40px !important;}&#8221;]FS D\u0131\u015f Ticaret A.\u015e. &#8211; Biz Kimiz ? \u00d6ncelikle \u00f6zel kimyasallar, yap\u0131 malzemeleri, tekstil ve g\u0131da end\u00fcstrilerinin bir distrib\u00fct\u00f6r\u00fc olarak bulundu. Geni\u015f \u00fcr\u00fcn yelpazesi ve etkin bir da\u011f\u0131t\u0131m a\u011f\u0131 sayesinde, FS D\u0131\u015f Ticaret art\u0131k ba\u015fta Avrupa, Orta Asya, Orta Do\u011fu ve Kuzey Afrika olmak \u00fczere bir\u00e7ok noktaya ula\u015f\u0131yor. Geni\u015f bir ofis ve depo a\u011f\u0131 ile FS D\u0131\u015f Ticaret, t\u00fcm i\u015f gereksinimlerinizi kar\u015f\u0131lamak i\u00e7in gerekli yerel bilgiye ve anahtar k\u00fcresel a\u011fa sahiptir.<br \/>\nFS D\u0131\u015f Ticaret, \u00fcretim s\u0131ras\u0131nda ihtiya\u00e7 duyulan<\/p>\n","protected":false},"author":1,"featured_media":0,"parent":0,"menu_order":1,"comment_status":"closed","ping_status":"closed","template":"page-fullwidth.php","meta":{"footnotes":""},"class_list":["post-85","page","type-page","status-publish","hentry","page_keywords-fs-foreign-trade-about-us","page_keywords-fsforeigntrade-about-us"],"_links":{"self":[{"href":"https:\/\/www.fsforeigntrade.com\/tr\/wp-json\/wp\/v2\/pages\/85","targetHints":{"allow":["GET"]}}],"collection":[{"href":"https:\/\/www.fsforeigntrade.com\/tr\/wp-json\/wp\/v2\/pages"}],"about":[{"href":"https:\/\/www.fsforeigntrade.com\/tr\/wp-json\/wp\/v2\/types\/page"}],"author":[{"embeddable":true,"href":"https:\/\/www.fsforeigntrade.com\/tr\/wp-json\/wp\/v2\/users\/1"}],"replies":[{"embeddable":true,"href":"https:\/\/www.fsforeigntrade.com\/tr\/wp-json\/wp\/v2\/comments?post=85"}],"version-history":[{"count":25,"href":"https:\/\/www.fsforeigntrade.com\/tr\/wp-json\/wp\/v2\/pages\/85\/revisions"}],"predecessor-version":[{"id":6679,"href":"https:\/\/www.fsforeigntrade.com\/tr\/wp-json\/wp\/v2\/pages\/85\/revisions\/6679"}],"wp:attachment":[{"href":"https:\/\/www.fsforeigntrade.com\/tr\/wp-json\/wp\/v2\/media?parent=85"}],"curies":[{"name":"wp","href":"https:\/\/api.w.org\/{rel}","templated":true}]}}